{"id":65,"date":"2019-12-06T20:24:07","date_gmt":"2019-12-06T19:24:07","guid":{"rendered":"https:\/\/www.implantologie-orl.fr\/?page_id=65"},"modified":"2020-06-13T14:54:52","modified_gmt":"2020-06-13T12:54:52","slug":"les-risques-implantaires-en-3-chiffres","status":"publish","type":"page","link":"https:\/\/www.concedo.fr\/implantologie-orl\/les-risques-implantaires-en-3-chiffres\/","title":{"rendered":"Les risques implantaires en 3 chiffres"},"content":{"rendered":"\n<div class=\"wp-block-image\"><figure class=\"aligncenter size-large is-resized\"><img decoding=\"async\" loading=\"lazy\" src=\"https:\/\/www.implantologie-orl.fr\/wp-content\/uploads\/2019\/12\/Capture-d\u2019e\u0301cran-2019-12-06-a\u0300-21.10.15.png\" alt=\"\" class=\"wp-image-102\" width=\"540\" height=\"359\" srcset=\"https:\/\/www.concedo.fr\/implantologie-orl\/wp-content\/uploads\/2019\/12\/Capture-d\u2019e\u0301cran-2019-12-06-a\u0300-21.10.15.png 415w, https:\/\/www.concedo.fr\/implantologie-orl\/wp-content\/uploads\/2019\/12\/Capture-d\u2019e\u0301cran-2019-12-06-a\u0300-21.10.15-300x200.png 300w, https:\/\/www.concedo.fr\/implantologie-orl\/wp-content\/uploads\/2019\/12\/Capture-d\u2019e\u0301cran-2019-12-06-a\u0300-21.10.15-406x270.png 406w\" sizes=\"(max-width: 540px) 100vw, 540px\" \/><\/figure><\/div>\n\n\n\n<ul><li><strong>30 % des patients implant\u00e9s ont des ant\u00e9c\u00e9dents sinusiens.<\/strong><\/li><\/ul>\n\n\n\n<ul><li><strong>40 % de complications post op\u00e9ratoires ont \u00e9t\u00e9 rapport\u00e9es en cas de comblement osseux pr\u00e9-implantaire si la pathologie rhinosinusienne est ignor\u00e9e. <\/strong><\/li><\/ul>\n\n\n\n<ul><li><strong>UN MALADE SUR 6 est \u00e0 risque de complications sinusiennes apr\u00e8s sinus lift<\/strong>.<\/li><\/ul>\n\n\n\n<p>D&rsquo;apr\u00e8s Timmenga NM and coll. Maxillary sinus function after sinus lifts for the insertion of dental implants. J Oral Maxillofac Surg 2017;55(9):936-939<\/p>\n\n\n\n<p><strong>Prot\u00e9gez-vous du risque m\u00e9dico l\u00e9gal<\/strong> en suivant <strong>syst\u00e9matiquement<\/strong> les recommandations de bonnes pratiques \u00e9dit\u00e9es par les soci\u00e9t\u00e9s savantes : AFI SFPIO SFCO SFORL.<\/p>\n\n\n\n<p><a href=\"http:\/\/www.concedo.fr\/?pk_campaign=blog2019&amp;pk_source=implantologie-orl.fr&amp;pk_medium=blog\">Concedo<\/a> vous permet de justifier vos actes pour le risque m\u00e9dico-l\u00e9gal.<\/p>\n\n\n\n<div class=\"wp-block-image\"><figure class=\"aligncenter size-large is-resized\"><a href=\"https:\/\/www.concedo.fr\"><img decoding=\"async\" loading=\"lazy\" src=\"https:\/\/www.implantologie-orl.fr\/wp-content\/uploads\/2019\/12\/Capture-d\u2019e\u0301cran-2019-12-06-a\u0300-22.12.27-1.png\" alt=\"\" class=\"wp-image-121\" width=\"307\" height=\"101\"\/><\/a><\/figure><\/div>\n\n\n\n<div class=\"wp-block-image\"><figure class=\"aligncenter size-large is-resized\"><img decoding=\"async\" loading=\"lazy\" src=\"https:\/\/www.implantologie-orl.fr\/wp-content\/uploads\/2019\/12\/Capture-d\u2019e\u0301cran-2019-12-06-a\u0300-20.17.14.png\" alt=\"\" class=\"wp-image-66\" width=\"520\" height=\"215\" srcset=\"https:\/\/www.concedo.fr\/implantologie-orl\/wp-content\/uploads\/2019\/12\/Capture-d\u2019e\u0301cran-2019-12-06-a\u0300-20.17.14.png 430w, https:\/\/www.concedo.fr\/implantologie-orl\/wp-content\/uploads\/2019\/12\/Capture-d\u2019e\u0301cran-2019-12-06-a\u0300-20.17.14-300x124.png 300w\" sizes=\"(max-width: 520px) 100vw, 520px\" \/><figcaption>Traitement chirurgical d&rsquo;une infection d&rsquo;un comblement osseux pr\u00e9 implantaire<\/figcaption><\/figure><\/div>\n\n\n\n<div class=\"wp-block-image\"><figure class=\"aligncenter size-large\"><img decoding=\"async\" loading=\"lazy\" width=\"534\" height=\"628\" src=\"https:\/\/www.implantologie-orl.fr\/wp-content\/uploads\/2019\/12\/Capture-d\u2019e\u0301cran-2019-12-06-a\u0300-20.18.51.png\" alt=\"\" class=\"wp-image-69\" srcset=\"https:\/\/www.concedo.fr\/implantologie-orl\/wp-content\/uploads\/2019\/12\/Capture-d\u2019e\u0301cran-2019-12-06-a\u0300-20.18.51.png 534w, https:\/\/www.concedo.fr\/implantologie-orl\/wp-content\/uploads\/2019\/12\/Capture-d\u2019e\u0301cran-2019-12-06-a\u0300-20.18.51-255x300.png 255w, https:\/\/www.concedo.fr\/implantologie-orl\/wp-content\/uploads\/2019\/12\/Capture-d\u2019e\u0301cran-2019-12-06-a\u0300-20.18.51-230x270.png 230w\" sizes=\"(max-width: 534px) 100vw, 534px\" \/><figcaption>Image HISTORIQUE d&rsquo;une migration d&rsquo;implant dans le sinus sph\u00e9noidal.<\/figcaption><\/figure><\/div>\n","protected":false},"excerpt":{"rendered":"<p>30 % des patients implant\u00e9s ont des ant\u00e9c\u00e9dents sinusiens. 40 % de complications post op\u00e9ratoires ont \u00e9t\u00e9 rapport\u00e9es en cas de comblement osseux pr\u00e9-implantaire si la pathologie rhinosinusienne est ignor\u00e9e. UN MALADE SUR 6 est \u00e0 risque de complications sinusiennes apr\u00e8s sinus lift. D&rsquo;apr\u00e8s Timmenga NM and coll. Maxillary sinus function after sinus lifts for the insertion of dental implants. J Oral Maxillofac Surg 2017;55(9):936-939 Prot\u00e9gez-vous du risque m\u00e9dico l\u00e9gal en suivant syst\u00e9matiquement les recommandations de bonnes pratiques \u00e9dit\u00e9es par&#8230;<\/p>\n<p class=\"read-more\"><a class=\"btn btn-default\" href=\"https:\/\/www.concedo.fr\/implantologie-orl\/les-risques-implantaires-en-3-chiffres\/\">Lire la suite<span class=\"screen-reader-text\"> Lire la suite<\/span><\/a><\/p>\n","protected":false},"author":1,"featured_media":0,"parent":0,"menu_order":0,"comment_status":"closed","ping_status":"closed","template":"","meta":[],"_links":{"self":[{"href":"https:\/\/www.concedo.fr\/implantologie-orl\/wp-json\/wp\/v2\/pages\/65"}],"collection":[{"href":"https:\/\/www.concedo.fr\/implantologie-orl\/wp-json\/wp\/v2\/pages"}],"about":[{"href":"https:\/\/www.concedo.fr\/implantologie-orl\/wp-json\/wp\/v2\/types\/page"}],"author":[{"embeddable":true,"href":"https:\/\/www.concedo.fr\/implantologie-orl\/wp-json\/wp\/v2\/users\/1"}],"replies":[{"embeddable":true,"href":"https:\/\/www.concedo.fr\/implantologie-orl\/wp-json\/wp\/v2\/comments?post=65"}],"version-history":[{"count":17,"href":"https:\/\/www.concedo.fr\/implantologie-orl\/wp-json\/wp\/v2\/pages\/65\/revisions"}],"predecessor-version":[{"id":375,"href":"https:\/\/www.concedo.fr\/implantologie-orl\/wp-json\/wp\/v2\/pages\/65\/revisions\/375"}],"wp:attachment":[{"href":"https:\/\/www.concedo.fr\/implantologie-orl\/wp-json\/wp\/v2\/media?parent=65"}],"curies":[{"name":"wp","href":"https:\/\/api.w.org\/{rel}","templated":true}]}}