{"id":377,"date":"2021-04-27T14:30:21","date_gmt":"2021-04-27T12:30:21","guid":{"rendered":"https:\/\/www.concedo.fr\/implantologie-orl\/?page_id=377"},"modified":"2021-04-27T14:30:21","modified_gmt":"2021-04-27T12:30:21","slug":"formation-bilan-orl-pre-implantaire","status":"publish","type":"page","link":"https:\/\/www.concedo.fr\/implantologie-orl\/formation-bilan-orl-pre-implantaire\/","title":{"rendered":"Formation Bilan ORL pr\u00e9-implantaire"},"content":{"rendered":"\n<p>Pour vraiment en savoir plus sur les pathologies sinusiennes, une <a rel=\"noreferrer noopener\" href=\"https:\/\/www.guideline.care\/formation\/bilan-orl-pre-implantaire-une-heure?mtm_campaign=blogconcedo&amp;mtm_source=concedo\" target=\"_blank\">formation validante DPC<\/a> d&rsquo;une heure existe \u00e0 destination des chirurgiens dentistes chez notre partenaire <a rel=\"noreferrer noopener\" href=\"https:\/\/www.guideline.care\/\" data-type=\"URL\" data-id=\"https:\/\/www.guideline.care\/\" target=\"_blank\">Guideline<\/a>. La formation dure une heure et se d\u00e9compose en 4 \u00e9pisodes m\u00ealant textes, illustrations, vid\u00e9os annot\u00e9es &#8211; dont certaines in vivo &#8211; et quizz :<\/p>\n\n\n\n<ol><li>Physiologie et physiopathologie ORL du sinus maxillaire<\/li><li>Les contre-indications ORL<\/li><li>Les complications sinusiennes<\/li><li>Le risque m\u00e9dico-l\u00e9gal<\/li><\/ol>\n\n\n\n<div class=\"wp-block-image\"><figure class=\"aligncenter size-large\"><img decoding=\"async\" loading=\"lazy\" width=\"964\" height=\"568\" src=\"https:\/\/www.concedo.fr\/implantologie-orl\/wp-content\/uploads\/2021\/04\/complexe-ostio-meatal-gauche-en-vue-endoscopique.jpeg\" alt=\"Complexe ostio-m\u00e9atal gauche en vue endoscopique\" class=\"wp-image-378\" title=\"Complexe ostio-m\u00e9atal gauche en vue endoscopique\" srcset=\"https:\/\/www.concedo.fr\/implantologie-orl\/wp-content\/uploads\/2021\/04\/complexe-ostio-meatal-gauche-en-vue-endoscopique.jpeg 964w, https:\/\/www.concedo.fr\/implantologie-orl\/wp-content\/uploads\/2021\/04\/complexe-ostio-meatal-gauche-en-vue-endoscopique-300x177.jpeg 300w, https:\/\/www.concedo.fr\/implantologie-orl\/wp-content\/uploads\/2021\/04\/complexe-ostio-meatal-gauche-en-vue-endoscopique-768x453.jpeg 768w, https:\/\/www.concedo.fr\/implantologie-orl\/wp-content\/uploads\/2021\/04\/complexe-ostio-meatal-gauche-en-vue-endoscopique-458x270.jpeg 458w\" sizes=\"(max-width: 964px) 100vw, 964px\" \/><figcaption>Complexe ostio-m\u00e9atal gauche en vue endoscopique<\/figcaption><\/figure><\/div>\n\n\n\n<p>La Soci\u00e9t\u00e9 Fran\u00e7aise d\u2019ORL et les membres du comit\u00e9 de pilotage des SFCO AFI et SFPIO recommandent lors d&rsquo;un bilan pr\u00e9-implantaire pour implant et\/ou sinus lift en regard du sinus maxillaire de rechercher syst\u00e9matiquement une pathologie naso-sinusienne.<br>Le but de cette formation est de d\u00e9finir les modalit\u00e9s de ce bilan et de rappeler les contre indications et complications sinusiennes et m\u00e9dico-l\u00e9gales possibles.<\/p>\n\n\n\n<p><a rel=\"noreferrer noopener\" href=\"https:\/\/www.guideline.care\/formation\/bilan-orl-pre-implantaire-une-heure?mtm_campaign=blogconcedo&amp;mtm_source=concedo\" data-type=\"URL\" data-id=\"https:\/\/www.guideline.care\/formation\/bilan-orl-pre-implantaire-une-heure?mtm_campaign=blogconcedo&amp;mtm_source=concedo\" target=\"_blank\">Formation DPC d&rsquo;une heure pour les chirurgiens dentistes sur le bilan ORL pr\u00e9-implantaire<\/a> : id\u00e9ale pour les implantolgues ou futurs implantologues. Et m\u00eame si vous n&rsquo;avez pas droit au DPC, sachez que la formation est en acc\u00e8s libre : aucune raison de ne pas se former d&rsquo;\u00eatre au top de l&rsquo;\u00e9tat actuel de la science \ud83e\udd7c<\/p>\n","protected":false},"excerpt":{"rendered":"<p>Pour vraiment en savoir plus sur les pathologies sinusiennes, une formation validante DPC d&rsquo;une heure existe \u00e0 destination des chirurgiens dentistes chez notre partenaire Guideline. La formation dure une heure et se d\u00e9compose en 4 \u00e9pisodes m\u00ealant textes, illustrations, vid\u00e9os annot\u00e9es &#8211; dont certaines in vivo &#8211; et quizz : Physiologie et physiopathologie ORL du sinus maxillaire Les contre-indications ORL Les complications sinusiennes Le risque m\u00e9dico-l\u00e9gal La Soci\u00e9t\u00e9 Fran\u00e7aise d\u2019ORL et les membres du comit\u00e9 de pilotage des SFCO AFI&#8230;<\/p>\n<p class=\"read-more\"><a class=\"btn btn-default\" href=\"https:\/\/www.concedo.fr\/implantologie-orl\/formation-bilan-orl-pre-implantaire\/\">Lire la suite<span class=\"screen-reader-text\"> Lire la suite<\/span><\/a><\/p>\n","protected":false},"author":1,"featured_media":378,"parent":0,"menu_order":0,"comment_status":"closed","ping_status":"closed","template":"","meta":[],"_links":{"self":[{"href":"https:\/\/www.concedo.fr\/implantologie-orl\/wp-json\/wp\/v2\/pages\/377"}],"collection":[{"href":"https:\/\/www.concedo.fr\/implantologie-orl\/wp-json\/wp\/v2\/pages"}],"about":[{"href":"https:\/\/www.concedo.fr\/implantologie-orl\/wp-json\/wp\/v2\/types\/page"}],"author":[{"embeddable":true,"href":"https:\/\/www.concedo.fr\/implantologie-orl\/wp-json\/wp\/v2\/users\/1"}],"replies":[{"embeddable":true,"href":"https:\/\/www.concedo.fr\/implantologie-orl\/wp-json\/wp\/v2\/comments?post=377"}],"version-history":[{"count":1,"href":"https:\/\/www.concedo.fr\/implantologie-orl\/wp-json\/wp\/v2\/pages\/377\/revisions"}],"predecessor-version":[{"id":379,"href":"https:\/\/www.concedo.fr\/implantologie-orl\/wp-json\/wp\/v2\/pages\/377\/revisions\/379"}],"wp:featuredmedia":[{"embeddable":true,"href":"https:\/\/www.concedo.fr\/implantologie-orl\/wp-json\/wp\/v2\/media\/378"}],"wp:attachment":[{"href":"https:\/\/www.concedo.fr\/implantologie-orl\/wp-json\/wp\/v2\/media?parent=377"}],"curies":[{"name":"wp","href":"https:\/\/api.w.org\/{rel}","templated":true}]}}