{"id":298,"date":"2019-12-21T10:41:30","date_gmt":"2019-12-21T09:41:30","guid":{"rendered":"https:\/\/www.implantologie-orl.fr\/?page_id=298"},"modified":"2020-05-10T14:44:07","modified_gmt":"2020-05-10T12:44:07","slug":"la-responsabilite-medico-legale-en-implantologie","status":"publish","type":"page","link":"https:\/\/www.concedo.fr\/implantologie-orl\/la-responsabilite-medico-legale-en-implantologie\/","title":{"rendered":"La responsabilit\u00e9 m\u00e9dico-l\u00e9gale en implantologie"},"content":{"rendered":"\n<p>Dans le cadre de l&rsquo;implantologie, le praticien est soumis a une obligation de moyen.<\/p>\n\n\n\n<p>Cette obligation de moyen m\u00e9dico-l\u00e9gale porte sur : <\/p>\n\n\n\n<ol><li>L&rsquo;entretien avec le malade pour d\u00e9finir <strong>ses souhaits et ses besoins<\/strong>, <\/li><li>L&rsquo;<strong>examen g\u00e9n\u00e9ral<\/strong> (Ant\u00e9c\u00e9dents, pathologie chronique, traitements pris),  <\/li><li>Un <strong>examen dentaire <\/strong>pr\u00e9cis et complet,<\/li><li>Un <strong>examen d&rsquo;imagerie<\/strong> adapt\u00e9.<\/li><\/ol>\n\n\n\n<div class=\"wp-block-image\"><figure class=\"aligncenter size-large\"><img decoding=\"async\" loading=\"lazy\" width=\"365\" height=\"240\" src=\"https:\/\/www.implantologie-orl.fr\/wp-content\/uploads\/2019\/12\/Capture-d\u2019e\u0301cran-2019-12-06-a\u0300-21.05.28-copie.png\" alt=\"\" class=\"wp-image-309\" srcset=\"https:\/\/www.concedo.fr\/implantologie-orl\/wp-content\/uploads\/2019\/12\/Capture-d\u2019e\u0301cran-2019-12-06-a\u0300-21.05.28-copie.png 365w, https:\/\/www.concedo.fr\/implantologie-orl\/wp-content\/uploads\/2019\/12\/Capture-d\u2019e\u0301cran-2019-12-06-a\u0300-21.05.28-copie-300x197.png 300w\" sizes=\"(max-width: 365px) 100vw, 365px\" \/><figcaption>Explication du projet au patient<\/figcaption><\/figure><\/div>\n\n\n\n<p>Il est <strong>fortement recommand\u00e9<\/strong> de <strong>consigner<\/strong> l&rsquo;ensemble de ces donn\u00e9es dans un <strong>document \u00e9crit et sign\u00e9<\/strong>. <\/p>\n\n\n\n<p>Le droit fran\u00e7ais repose sur une approche contradictoire et <strong>tout document \u00e9crit et sign\u00e9 par le malade est favorable en cas de litige.<\/strong><\/p>\n\n\n\n<p>L&rsquo;imagerie constitue un volet fondamental dans l&rsquo;obligation de moyen de l&rsquo;implantologue.<\/p>\n\n\n\n<p>Le Cone Beam n&rsquo;est pas obligatoire dans toutes les situations implantaires mais reste indispensable \u00e0 proximit\u00e9 des sinus. <\/p>\n\n\n\n<p><strong>Faire un Cone Beam est une obligation de moyen m\u00e9dico-l\u00e9gale avant une proc\u00e9dure en regard d&rsquo;un sinus.<\/strong><\/p>\n\n\n\n<figure class=\"wp-block-image size-large\"><img decoding=\"async\" loading=\"lazy\" width=\"540\" height=\"332\" src=\"https:\/\/www.implantologie-orl.fr\/wp-content\/uploads\/2019\/12\/Capture-d\u2019e\u0301cran-2019-12-06-a\u0300-21.01.45-1.png\" alt=\"\" class=\"wp-image-85\" srcset=\"https:\/\/www.concedo.fr\/implantologie-orl\/wp-content\/uploads\/2019\/12\/Capture-d\u2019e\u0301cran-2019-12-06-a\u0300-21.01.45-1.png 540w, https:\/\/www.concedo.fr\/implantologie-orl\/wp-content\/uploads\/2019\/12\/Capture-d\u2019e\u0301cran-2019-12-06-a\u0300-21.01.45-1-300x184.png 300w, https:\/\/www.concedo.fr\/implantologie-orl\/wp-content\/uploads\/2019\/12\/Capture-d\u2019e\u0301cran-2019-12-06-a\u0300-21.01.45-1-439x270.png 439w\" sizes=\"(max-width: 540px) 100vw, 540px\" \/><figcaption>Rapport dent sinus \u00e9troit<\/figcaption><\/figure>\n\n\n\n<p><strong>Au niveau mandibulaire, l&rsquo;implantologue est autonome<\/strong>. Mesurer la distance implant-nerf alv\u00e9olaire inf\u00e9rieur fait partie de son champ de comp\u00e9tence.<\/p>\n\n\n\n<p><strong>Au niveau sinusien, l&rsquo;implantologue n&rsquo;est pas autonome<\/strong>. Il n&rsquo;est pas apte \u00e0 diagnostiquer une pathologie sinusienne car cette expertise sort de son champ de comp\u00e9tence et donc de son contrat d&rsquo;assurance de responsabilit\u00e9 civile. <\/p>\n\n\n\n<p>Cependant les recommandations d&rsquo;experts rendent <strong>SYSTEMATIQUE<\/strong> le d\u00e9pistage d&rsquo;une pathologie sinusienne.<\/p>\n\n\n\n<figure class=\"wp-block-image size-large\"><a href=\"https:\/\/www.orlfrance.org\/wp-content\/uploads\/2019\/05\/Consensus_formalise_2019_chirurgies_implantaires_en_rapport_avec_le_sinus_maxillaire.pdf\"><img decoding=\"async\" loading=\"lazy\" width=\"617\" height=\"36\" src=\"https:\/\/www.implantologie-orl.fr\/wp-content\/uploads\/2019\/12\/Capture-d\u2019e\u0301cran-2019-12-21-a\u0300-10.37.20.png\" alt=\"\" class=\"wp-image-304\" srcset=\"https:\/\/www.concedo.fr\/implantologie-orl\/wp-content\/uploads\/2019\/12\/Capture-d\u2019e\u0301cran-2019-12-21-a\u0300-10.37.20.png 617w, https:\/\/www.concedo.fr\/implantologie-orl\/wp-content\/uploads\/2019\/12\/Capture-d\u2019e\u0301cran-2019-12-21-a\u0300-10.37.20-300x18.png 300w, https:\/\/www.concedo.fr\/implantologie-orl\/wp-content\/uploads\/2019\/12\/Capture-d\u2019e\u0301cran-2019-12-21-a\u0300-10.37.20-604x35.png 604w\" sizes=\"(max-width: 617px) 100vw, 617px\" \/><\/a><\/figure>\n\n\n\n<figure class=\"wp-block-image size-large is-resized\"><a href=\"https:\/\/www.orlfrance.org\/wp-content\/uploads\/2019\/05\/Consensus_formalise_2019_chirurgies_implantaires_en_rapport_avec_le_sinus_maxillaire.pdf\"><img decoding=\"async\" loading=\"lazy\" src=\"https:\/\/www.implantologie-orl.fr\/wp-content\/uploads\/2019\/12\/Capture-d\u2019e\u0301cran-2019-12-21-a\u0300-10.31.43.png\" alt=\"\" class=\"wp-image-303\" width=\"580\" height=\"34\" srcset=\"https:\/\/www.concedo.fr\/implantologie-orl\/wp-content\/uploads\/2019\/12\/Capture-d\u2019e\u0301cran-2019-12-21-a\u0300-10.31.43.png 616w, https:\/\/www.concedo.fr\/implantologie-orl\/wp-content\/uploads\/2019\/12\/Capture-d\u2019e\u0301cran-2019-12-21-a\u0300-10.31.43-300x18.png 300w, https:\/\/www.concedo.fr\/implantologie-orl\/wp-content\/uploads\/2019\/12\/Capture-d\u2019e\u0301cran-2019-12-21-a\u0300-10.31.43-604x36.png 604w\" sizes=\"(max-width: 580px) 100vw, 580px\" \/><\/a><figcaption>Extrait recommandation de bonne pratique 2019<\/figcaption><\/figure>\n\n\n\n<p><a href=\"http:\/\/www.concedo.fr\/?pk_campaign=blog2019&amp;pk_source=implantologie-orl.fr&amp;pk_medium=blog\">Concedo<\/a> vous permet d&rsquo;obtenir un avis ORL rapide par t\u00e9l\u00e9-expertise et de prouver en cas de litige que vous avez respect\u00e9 les recommandations d&rsquo;experts gr\u00e2ce \u00e0 un <strong>document \u00e9crit et sign\u00e9<\/strong>.<\/p>\n\n\n\n<div class=\"wp-block-image\"><figure class=\"aligncenter size-large is-resized\"><a href=\"https:\/\/www.concedo.fr\"><img decoding=\"async\" loading=\"lazy\" src=\"https:\/\/www.implantologie-orl.fr\/wp-content\/uploads\/2019\/12\/Capture-d\u2019e\u0301cran-2019-12-06-a\u0300-22.12.27-7.png\" alt=\"\" class=\"wp-image-198\" width=\"320\" height=\"105\"\/><\/a><\/figure><\/div>\n\n\n\n<h3 class=\"has-text-align-center\">Les risques implantaires en 3 chiffres<\/h3>\n\n\n\n<p><strong>30 % des patients implant\u00e9s ont des ant\u00e9c\u00e9dents sinusiens.<\/strong><\/p>\n\n\n\n<p><strong>40 % de complications post op\u00e9ratoires ont \u00e9t\u00e9 rapport\u00e9es en cas de comblement osseux pr\u00e9-implantaire si la pathologie rhinosinusienne est ignor\u00e9e. <\/strong><\/p>\n\n\n\n<p><strong>UN MALADE SUR 6 est \u00e0 risque de complications sinusiennes apr\u00e8s sinus lift<\/strong>.<\/p>\n\n\n\n<p>D&rsquo;apr\u00e8s Timmenga NM and coll. Maxillary sinus function after sinus lifts for the insertion of dental impants. J Oral Maxillofac Surg 2017;55(9):936-939<\/p>\n\n\n\n<p><strong>Prot\u00e9gez-vous du risque m\u00e9dico l\u00e9gal<\/strong> en suivant <strong>syst\u00e9matiquement<\/strong> les recommandations de bonnes pratiques \u00e9dit\u00e9es par les soci\u00e9t\u00e9s savantes : AFI SFPIO SFCO SFORL gr\u00e2ce \u00e0 <a href=\"http:\/\/www.concedo.fr\/?pk_campaign=blog2019&amp;pk_source=implantologie-orl.fr&amp;pk_medium=blog\">Concedo<\/a>.<\/p>\n\n\n\n<div class=\"wp-block-image\"><figure class=\"aligncenter size-large is-resized\"><a href=\"https:\/\/www.concedo.fr\/\"><img decoding=\"async\" loading=\"lazy\" src=\"https:\/\/www.implantologie-orl.fr\/wp-content\/uploads\/2019\/12\/Capture-d\u2019e\u0301cran-2019-12-06-a\u0300-22.12.27-7.png\" alt=\"\" class=\"wp-image-198\" width=\"344\" height=\"113\"\/><\/a><\/figure><\/div>\n\n\n\n<div class=\"wp-block-image\"><figure class=\"aligncenter size-large\"><img decoding=\"async\" loading=\"lazy\" width=\"534\" height=\"628\" src=\"https:\/\/www.implantologie-orl.fr\/wp-content\/uploads\/2019\/12\/Capture-d\u2019e\u0301cran-2019-12-06-a\u0300-20.18.51.png\" alt=\"\" class=\"wp-image-69\" srcset=\"https:\/\/www.concedo.fr\/implantologie-orl\/wp-content\/uploads\/2019\/12\/Capture-d\u2019e\u0301cran-2019-12-06-a\u0300-20.18.51.png 534w, https:\/\/www.concedo.fr\/implantologie-orl\/wp-content\/uploads\/2019\/12\/Capture-d\u2019e\u0301cran-2019-12-06-a\u0300-20.18.51-255x300.png 255w, https:\/\/www.concedo.fr\/implantologie-orl\/wp-content\/uploads\/2019\/12\/Capture-d\u2019e\u0301cran-2019-12-06-a\u0300-20.18.51-230x270.png 230w\" sizes=\"(max-width: 534px) 100vw, 534px\" \/><\/figure><\/div>\n","protected":false},"excerpt":{"rendered":"<p>Dans le cadre de l&rsquo;implantologie, le praticien est soumis a une obligation de moyen. Cette obligation de moyen m\u00e9dico-l\u00e9gale porte sur : L&rsquo;entretien avec le malade pour d\u00e9finir ses souhaits et ses besoins, L&rsquo;examen g\u00e9n\u00e9ral (Ant\u00e9c\u00e9dents, pathologie chronique, traitements pris), Un examen dentaire pr\u00e9cis et complet, Un examen d&rsquo;imagerie adapt\u00e9. Il est fortement recommand\u00e9 de consigner l&rsquo;ensemble de ces donn\u00e9es dans un document \u00e9crit et sign\u00e9. Le droit fran\u00e7ais repose sur une approche contradictoire et tout document \u00e9crit et sign\u00e9&#8230;<\/p>\n<p class=\"read-more\"><a class=\"btn btn-default\" href=\"https:\/\/www.concedo.fr\/implantologie-orl\/la-responsabilite-medico-legale-en-implantologie\/\">Lire la suite<span class=\"screen-reader-text\"> Lire la suite<\/span><\/a><\/p>\n","protected":false},"author":1,"featured_media":0,"parent":0,"menu_order":0,"comment_status":"closed","ping_status":"closed","template":"","meta":[],"_links":{"self":[{"href":"https:\/\/www.concedo.fr\/implantologie-orl\/wp-json\/wp\/v2\/pages\/298"}],"collection":[{"href":"https:\/\/www.concedo.fr\/implantologie-orl\/wp-json\/wp\/v2\/pages"}],"about":[{"href":"https:\/\/www.concedo.fr\/implantologie-orl\/wp-json\/wp\/v2\/types\/page"}],"author":[{"embeddable":true,"href":"https:\/\/www.concedo.fr\/implantologie-orl\/wp-json\/wp\/v2\/users\/1"}],"replies":[{"embeddable":true,"href":"https:\/\/www.concedo.fr\/implantologie-orl\/wp-json\/wp\/v2\/comments?post=298"}],"version-history":[{"count":25,"href":"https:\/\/www.concedo.fr\/implantologie-orl\/wp-json\/wp\/v2\/pages\/298\/revisions"}],"predecessor-version":[{"id":368,"href":"https:\/\/www.concedo.fr\/implantologie-orl\/wp-json\/wp\/v2\/pages\/298\/revisions\/368"}],"wp:attachment":[{"href":"https:\/\/www.concedo.fr\/implantologie-orl\/wp-json\/wp\/v2\/media?parent=298"}],"curies":[{"name":"wp","href":"https:\/\/api.w.org\/{rel}","templated":true}]}}