{"id":2,"date":"2019-12-03T15:03:50","date_gmt":"2019-12-03T14:03:50","guid":{"rendered":"http:\/\/www.implantologie-orl.fr\/?page_id=2"},"modified":"2020-05-10T14:43:08","modified_gmt":"2020-05-10T12:43:08","slug":"la-teleexpertise","status":"publish","type":"page","link":"https:\/\/www.concedo.fr\/implantologie-orl\/la-teleexpertise\/","title":{"rendered":"Qu\u2019est ce que la t\u00e9l\u00e9m\u00e9decine\u00a0?"},"content":{"rendered":"\n<figure class=\"wp-block-image size-large\"><img decoding=\"async\" loading=\"lazy\" width=\"543\" height=\"269\" src=\"https:\/\/www.implantologie-orl.fr\/wp-content\/uploads\/2019\/12\/Capture-d\u2019e\u0301cran-2019-12-06-a\u0300-20.52.54.png\" alt=\"\" class=\"wp-image-75\" srcset=\"https:\/\/www.concedo.fr\/implantologie-orl\/wp-content\/uploads\/2019\/12\/Capture-d\u2019e\u0301cran-2019-12-06-a\u0300-20.52.54.png 543w, https:\/\/www.concedo.fr\/implantologie-orl\/wp-content\/uploads\/2019\/12\/Capture-d\u2019e\u0301cran-2019-12-06-a\u0300-20.52.54-300x149.png 300w\" sizes=\"(max-width: 543px) 100vw, 543px\" \/><\/figure>\n\n\n\n<p>La t\u00e9l\u00e9m\u00e9decine est une forme de pratique m\u00e9dicale \u00e0 distance utilisant les nouvelles technologies de l\u2019information et de la communication <a rel=\"noreferrer noopener\" href=\"https:\/\/fr.wikipedia.org\/wiki\/Technologies_de_l%27information_et_de_la_communication\" target=\"_blank\">NTIC<\/a>.<\/p>\n\n\n\n<p>La t\u00e9l\u00e9m\u00e9decine comprend&nbsp;principalement :<\/p>\n\n\n\n<ul><li><strong>La t\u00e9l\u00e9consultation&nbsp;<\/strong>: un patient consulte \u00e0 distance un professionnel de sant\u00e9 m\u00e9dical. (\u00ab\u00a0Skype ou Face Time\u00a0\u00bb)<\/li><li><strong>La t\u00e9l\u00e9-expertise&nbsp;<\/strong>: des professionnels de sant\u00e9 m\u00e9dicaux donnent \u00e0 distance leur avis d\u2019experts sp\u00e9cialistes sur le dossier m\u00e9dical d\u2019un patient.<\/li><li><strong>La t\u00e9l\u00e9surveillance m\u00e9dicale&nbsp;<\/strong>: des indicateurs biologiques sont collect\u00e9s par un dispositif et transmis au professionnel m\u00e9dical (t\u00e9l\u00e9monitoring).<\/li><\/ul>\n\n\n\n<p>La t\u00e9l\u00e9-expertise permet \u00e0 un professionnel de sant\u00e9 (\u00ab requ\u00e9rant \u00bb) de solliciter \u00e0 distance, l\u2019avis d\u2019un ou de plusieurs confr\u00e8res (\u00ab requis \u00bb). <\/p>\n\n\n\n<p>Toutes les situations m\u00e9dicales sont potentiellement concern\u00e9es par la t\u00e9l\u00e9-expertise. Quelle que soit la situation clinique, le chirurgien dentiste requ\u00e9rant doit demander et recueillir le consentement pr\u00e9alable de son patient. <\/p>\n\n\n\n<p>Concr\u00e8tement, la t\u00e9l\u00e9-expertise implique un \u00e9change ou un partage de donn\u00e9es (Ex. Cone Beam, OPT) en direct ou en diff\u00e9r\u00e9, entre deux professionnels. Une messagerie s\u00e9curis\u00e9e de sant\u00e9 ou une plateforme de partage s\u00e9curis\u00e9e comme <a href=\"http:\/\/www.concedo.fr\/?pk_campaign=blog2019&amp;pk_source=implantologie-orl.fr&amp;pk_medium=blog\">Concedo<\/a> sont donc n\u00e9cessaires. <\/p>\n\n\n\n<div class=\"wp-block-image\"><figure class=\"aligncenter size-large is-resized\"><a href=\"https:\/\/www.concedo.fr\"><img decoding=\"async\" loading=\"lazy\" src=\"https:\/\/www.implantologie-orl.fr\/wp-content\/uploads\/2019\/12\/Capture-d\u2019e\u0301cran-2019-12-06-a\u0300-22.12.27-2.png\" alt=\"\" class=\"wp-image-130\" width=\"356\" height=\"117\"\/><\/a><\/figure><\/div>\n\n\n\n<p>La t\u00e9l\u00e9-expertise est reconnue officiellement par la <a href=\"https:\/\/www.legifrance.gouv.fr\/affichCodeArticle.do?cidTexte=LEGITEXT000006072665&amp;idArticle=LEGIARTI000020891327&amp;dateTexte=&amp;categorieLien=cid)\">loi H\u00f4pital Patient Sant\u00e9 et Territoire (HPST)<\/a> de juillet 2019.<\/p>\n\n\n\n<div class=\"wp-block-image\"><figure class=\"aligncenter size-large is-resized\"><img decoding=\"async\" loading=\"lazy\" src=\"https:\/\/www.implantologie-orl.fr\/wp-content\/uploads\/2019\/12\/Capture-d\u2019e\u0301cran-2019-12-06-a\u0300-22.23.08.png\" alt=\"\" class=\"wp-image-104\" width=\"267\" height=\"48\" srcset=\"https:\/\/www.concedo.fr\/implantologie-orl\/wp-content\/uploads\/2019\/12\/Capture-d\u2019e\u0301cran-2019-12-06-a\u0300-22.23.08.png 398w, https:\/\/www.concedo.fr\/implantologie-orl\/wp-content\/uploads\/2019\/12\/Capture-d\u2019e\u0301cran-2019-12-06-a\u0300-22.23.08-300x54.png 300w\" sizes=\"(max-width: 267px) 100vw, 267px\" \/><\/figure><\/div>\n","protected":false},"excerpt":{"rendered":"<p>La t\u00e9l\u00e9m\u00e9decine est une forme de pratique m\u00e9dicale \u00e0 distance utilisant les nouvelles technologies de l\u2019information et de la communication NTIC. La t\u00e9l\u00e9m\u00e9decine comprend&nbsp;principalement : La t\u00e9l\u00e9consultation&nbsp;: un patient consulte \u00e0 distance un professionnel de sant\u00e9 m\u00e9dical. (\u00ab\u00a0Skype ou Face Time\u00a0\u00bb) La t\u00e9l\u00e9-expertise&nbsp;: des professionnels de sant\u00e9 m\u00e9dicaux donnent \u00e0 distance leur avis d\u2019experts sp\u00e9cialistes sur le dossier m\u00e9dical d\u2019un patient. La t\u00e9l\u00e9surveillance m\u00e9dicale&nbsp;: des indicateurs biologiques sont collect\u00e9s par un dispositif et transmis au professionnel m\u00e9dical (t\u00e9l\u00e9monitoring). La t\u00e9l\u00e9-expertise&#8230;<\/p>\n<p class=\"read-more\"><a class=\"btn btn-default\" href=\"https:\/\/www.concedo.fr\/implantologie-orl\/la-teleexpertise\/\">Lire la suite<span class=\"screen-reader-text\"> Lire la suite<\/span><\/a><\/p>\n","protected":false},"author":1,"featured_media":0,"parent":0,"menu_order":0,"comment_status":"closed","ping_status":"open","template":"","meta":[],"_links":{"self":[{"href":"https:\/\/www.concedo.fr\/implantologie-orl\/wp-json\/wp\/v2\/pages\/2"}],"collection":[{"href":"https:\/\/www.concedo.fr\/implantologie-orl\/wp-json\/wp\/v2\/pages"}],"about":[{"href":"https:\/\/www.concedo.fr\/implantologie-orl\/wp-json\/wp\/v2\/types\/page"}],"author":[{"embeddable":true,"href":"https:\/\/www.concedo.fr\/implantologie-orl\/wp-json\/wp\/v2\/users\/1"}],"replies":[{"embeddable":true,"href":"https:\/\/www.concedo.fr\/implantologie-orl\/wp-json\/wp\/v2\/comments?post=2"}],"version-history":[{"count":19,"href":"https:\/\/www.concedo.fr\/implantologie-orl\/wp-json\/wp\/v2\/pages\/2\/revisions"}],"predecessor-version":[{"id":365,"href":"https:\/\/www.concedo.fr\/implantologie-orl\/wp-json\/wp\/v2\/pages\/2\/revisions\/365"}],"wp:attachment":[{"href":"https:\/\/www.concedo.fr\/implantologie-orl\/wp-json\/wp\/v2\/media?parent=2"}],"curies":[{"name":"wp","href":"https:\/\/api.w.org\/{rel}","templated":true}]}}