{"id":189,"date":"2019-12-08T20:31:54","date_gmt":"2019-12-08T19:31:54","guid":{"rendered":"https:\/\/www.implantologie-orl.fr\/?page_id=189"},"modified":"2020-05-10T14:42:06","modified_gmt":"2020-05-10T12:42:06","slug":"quel-type-dimagerie-pre-implantaire","status":"publish","type":"page","link":"https:\/\/www.concedo.fr\/implantologie-orl\/quel-type-dimagerie-pre-implantaire\/","title":{"rendered":"Quel type d&rsquo;imagerie pr\u00e9-implantaire ?"},"content":{"rendered":"\n<p style=\"font-size:22px\"><strong>I. ORTHOPANTOMOGRAMME OPT<\/strong><\/p>\n\n\n\n<p>Il s&rsquo;agit d&rsquo;un examen indiqu\u00e9 dans l&rsquo;\u00e9valuation <strong>GLOBALE de L&rsquo;ETAT BUCCO DENTAIRE <\/strong><\/p>\n\n\n\n<p>L&rsquo;OPT n&rsquo;est pas suffisant pour \u00e9valuer la qualit\u00e9 et l&rsquo;\u00e9paisseur de l&rsquo;os <a href=\"https:\/\/www.ncbi.nlm.nih.gov\/pmc\/articles\/PMC4574054\/\">Tadinata A et al <\/a> <\/p>\n\n\n\n<p>L&rsquo;OPT n&rsquo;est pas suffisant pour d\u00e9tecter une pathologie naso-sinusienne, seul un examen Cone Beam ou Scanner permet le bilan sinusien ORL pr\u00e9 implantaire.<\/p>\n\n\n\n<figure class=\"wp-block-image size-large\"><img decoding=\"async\" loading=\"lazy\" width=\"929\" height=\"561\" src=\"https:\/\/www.implantologie-orl.fr\/wp-content\/uploads\/2019\/12\/Capture-d\u2019e\u0301cran-2019-12-08-a\u0300-20.29.27.png\" alt=\"\" class=\"wp-image-190\" srcset=\"https:\/\/www.concedo.fr\/implantologie-orl\/wp-content\/uploads\/2019\/12\/Capture-d\u2019e\u0301cran-2019-12-08-a\u0300-20.29.27.png 929w, https:\/\/www.concedo.fr\/implantologie-orl\/wp-content\/uploads\/2019\/12\/Capture-d\u2019e\u0301cran-2019-12-08-a\u0300-20.29.27-300x181.png 300w, https:\/\/www.concedo.fr\/implantologie-orl\/wp-content\/uploads\/2019\/12\/Capture-d\u2019e\u0301cran-2019-12-08-a\u0300-20.29.27-768x464.png 768w, https:\/\/www.concedo.fr\/implantologie-orl\/wp-content\/uploads\/2019\/12\/Capture-d\u2019e\u0301cran-2019-12-08-a\u0300-20.29.27-447x270.png 447w\" sizes=\"(max-width: 929px) 100vw, 929px\" \/><figcaption>OPT<\/figcaption><\/figure>\n\n\n\n<p style=\"font-size:22px\"><strong>II. Cone Beam Computed Tomography<\/strong> <strong>CBCT<\/strong><\/p>\n\n\n\n<p>A la fin du XX\u00e8me si\u00e8cle, le Cone Beam a permis une diffusion large \u00e0 un co\u00fbt abordable de l&rsquo;imagerie 3D au sein des centres d&rsquo;implantologie et des cabinets dentaires en g\u00e9n\u00e9ral.<\/p>\n\n\n\n<p>Le CBCT se d\u00e9finit par : <\/p>\n\n\n\n<ol><li>FOV Field Of View<\/li><li>Taille du voxel <\/li><li>R\u00e9solution de contraste<\/li><li>Le temps d&rsquo;acquisition <\/li><\/ol>\n\n\n\n<p>Il est souvent moins irradiant qu&rsquo;une tomodensitom\u00e9trie ( TDM = Scanner). <\/p>\n\n\n\n<div class=\"wp-block-image\"><figure class=\"aligncenter size-large\"><img decoding=\"async\" loading=\"lazy\" width=\"432\" height=\"189\" src=\"https:\/\/www.implantologie-orl.fr\/wp-content\/uploads\/2019\/12\/Capture-d\u2019e\u0301cran-2019-12-08-a\u0300-20.42.42.png\" alt=\"\" class=\"wp-image-194\" srcset=\"https:\/\/www.concedo.fr\/implantologie-orl\/wp-content\/uploads\/2019\/12\/Capture-d\u2019e\u0301cran-2019-12-08-a\u0300-20.42.42.png 432w, https:\/\/www.concedo.fr\/implantologie-orl\/wp-content\/uploads\/2019\/12\/Capture-d\u2019e\u0301cran-2019-12-08-a\u0300-20.42.42-300x131.png 300w\" sizes=\"(max-width: 432px) 100vw, 432px\" \/><figcaption>FOV <\/figcaption><\/figure><\/div>\n\n\n\n<div class=\"wp-block-image\"><figure class=\"aligncenter size-medium is-resized\"><img decoding=\"async\" loading=\"lazy\" src=\"https:\/\/www.implantologie-orl.fr\/wp-content\/uploads\/2019\/12\/Capture-d\u2019e\u0301cran-2019-12-08-a\u0300-20.42.59-300x244.png\" alt=\"\" class=\"wp-image-195\" width=\"298\" height=\"242\" srcset=\"https:\/\/www.concedo.fr\/implantologie-orl\/wp-content\/uploads\/2019\/12\/Capture-d\u2019e\u0301cran-2019-12-08-a\u0300-20.42.59-300x244.png 300w, https:\/\/www.concedo.fr\/implantologie-orl\/wp-content\/uploads\/2019\/12\/Capture-d\u2019e\u0301cran-2019-12-08-a\u0300-20.42.59-332x270.png 332w, https:\/\/www.concedo.fr\/implantologie-orl\/wp-content\/uploads\/2019\/12\/Capture-d\u2019e\u0301cran-2019-12-08-a\u0300-20.42.59.png 431w\" sizes=\"(max-width: 298px) 100vw, 298px\" \/><figcaption>Principe de capture<\/figcaption><\/figure><\/div>\n\n\n\n<p>Gr\u00e2ce au CBCT, l&rsquo;implantologue peut \u00e9valuer :<\/p>\n\n\n\n<ol><li>la qualit\u00e9 et l&rsquo;\u00e9paisseur de l&rsquo;os <\/li><li>r\u00e9aliser son projet pr\u00e9-implantaire<\/li><\/ol>\n\n\n\n<p>Le CBCT permet aussi de d\u00e9tecter une pathologie naso sinusienne pouvant contre indiquer l&rsquo;implantation. La transmission simple, rapide et s\u00e9curis\u00e9e des images au format DICOM (.dcm) pour une t\u00e9l\u00e9-expertise ORL est permise par <a href=\"http:\/\/www.concedo.fr\/?pk_source=implantologie-orl.fr&amp;pk_medium=blog\">Concedo<\/a>.<\/p>\n\n\n\n<div class=\"wp-block-image\"><figure class=\"aligncenter size-large is-resized\"><a href=\"https:\/\/www.concedo.fr\"><img decoding=\"async\" loading=\"lazy\" src=\"https:\/\/www.implantologie-orl.fr\/wp-content\/uploads\/2019\/12\/Capture-d\u2019e\u0301cran-2019-12-06-a\u0300-22.12.27-7.png\" alt=\"\" class=\"wp-image-198\" width=\"314\" height=\"103\"\/><\/a><\/figure><\/div>\n\n\n\n<figure class=\"wp-block-image size-large\"><a href=\"https:\/\/www.concedo.fr\/\"><img decoding=\"async\" loading=\"lazy\" width=\"964\" height=\"871\" src=\"https:\/\/www.implantologie-orl.fr\/wp-content\/uploads\/2019\/12\/Capture-d\u2019e\u0301cran-2019-12-08-a\u0300-20.53.03-1.png\" alt=\"\" class=\"wp-image-199\" srcset=\"https:\/\/www.concedo.fr\/implantologie-orl\/wp-content\/uploads\/2019\/12\/Capture-d\u2019e\u0301cran-2019-12-08-a\u0300-20.53.03-1.png 964w, https:\/\/www.concedo.fr\/implantologie-orl\/wp-content\/uploads\/2019\/12\/Capture-d\u2019e\u0301cran-2019-12-08-a\u0300-20.53.03-1-300x271.png 300w, https:\/\/www.concedo.fr\/implantologie-orl\/wp-content\/uploads\/2019\/12\/Capture-d\u2019e\u0301cran-2019-12-08-a\u0300-20.53.03-1-768x694.png 768w, https:\/\/www.concedo.fr\/implantologie-orl\/wp-content\/uploads\/2019\/12\/Capture-d\u2019e\u0301cran-2019-12-08-a\u0300-20.53.03-1-299x270.png 299w\" sizes=\"(max-width: 964px) 100vw, 964px\" \/><\/a><\/figure>\n\n\n\n<p>Un <strong>SINUS SAIN<\/strong> comprend :<\/p>\n\n\n\n<ol><li>une muqueuse sinusienne (dite \u00ab\u00a0<em>membrane de Schneider<\/em>\u00ab\u00a0) fine <\/li><li>un contenu endosinusien clair<\/li><li>un ostium perm\u00e9able<\/li><\/ol>\n\n\n\n<p>De <strong>nombreuses et fr\u00e9quentes<\/strong> variations inter individuelles sont pr\u00e9sentes comprenant : <\/p>\n\n\n\n<ol><li>Epaississement plan de la muqueuse sinusienne<\/li><li>Epaississement en cadre du sinus <\/li><li>Epaississement convexe du plancher sinusien avec \u00ab\u00a0image en coucher de soleil\u00a0\u00bb <\/li><\/ol>\n\n\n\n<p>Il est souvent difficile de faire la diff\u00e9rence entre une <strong>VARIATION NORMALE<\/strong> et une <strong>PATHOLOGIE SINUSIENNE CONTRE INDIQUANT<\/strong> l&rsquo;implantation. C&rsquo;est pourquoi une expertise ORL est pr\u00e9conis\u00e9e de fa\u00e7on syst\u00e9matique par  <a href=\"https:\/\/www.ncbi.nlm.nih.gov\/pmc\/articles\/PMC2644985\/\">Pignataro L et al<\/a> <\/p>\n\n\n\n<figure class=\"wp-block-image size-large\"><img decoding=\"async\" loading=\"lazy\" width=\"635\" height=\"262\" src=\"https:\/\/www.implantologie-orl.fr\/wp-content\/uploads\/2019\/12\/Capture-d\u2019e\u0301cran-2019-12-08-a\u0300-21.05.01.png\" alt=\"\" class=\"wp-image-200\" srcset=\"https:\/\/www.concedo.fr\/implantologie-orl\/wp-content\/uploads\/2019\/12\/Capture-d\u2019e\u0301cran-2019-12-08-a\u0300-21.05.01.png 635w, https:\/\/www.concedo.fr\/implantologie-orl\/wp-content\/uploads\/2019\/12\/Capture-d\u2019e\u0301cran-2019-12-08-a\u0300-21.05.01-300x124.png 300w, https:\/\/www.concedo.fr\/implantologie-orl\/wp-content\/uploads\/2019\/12\/Capture-d\u2019e\u0301cran-2019-12-08-a\u0300-21.05.01-604x249.png 604w\" sizes=\"(max-width: 635px) 100vw, 635px\" \/><figcaption>Aspect endoscopique et TDM d&rsquo;un kyste sous muqueux.<\/figcaption><\/figure>\n\n\n\n<figure class=\"wp-block-image size-large\"><img decoding=\"async\" loading=\"lazy\" width=\"800\" height=\"286\" src=\"https:\/\/www.implantologie-orl.fr\/wp-content\/uploads\/2019\/12\/9ac86e78-104c-44ef-ad73-7560f79ddb16-1.png\" alt=\"\" class=\"wp-image-202\" srcset=\"https:\/\/www.concedo.fr\/implantologie-orl\/wp-content\/uploads\/2019\/12\/9ac86e78-104c-44ef-ad73-7560f79ddb16-1.png 800w, https:\/\/www.concedo.fr\/implantologie-orl\/wp-content\/uploads\/2019\/12\/9ac86e78-104c-44ef-ad73-7560f79ddb16-1-300x107.png 300w, https:\/\/www.concedo.fr\/implantologie-orl\/wp-content\/uploads\/2019\/12\/9ac86e78-104c-44ef-ad73-7560f79ddb16-1-768x275.png 768w, https:\/\/www.concedo.fr\/implantologie-orl\/wp-content\/uploads\/2019\/12\/9ac86e78-104c-44ef-ad73-7560f79ddb16-1-604x216.png 604w\" sizes=\"(max-width: 800px) 100vw, 800px\" \/><\/figure>\n\n\n\n<p>Pour r\u00e9aliser une <strong>EXPERTISE ORL PRE IMPLANTAIRE<\/strong>, un CBCT prenant l&rsquo;ostium du sinus maxillaire dans le champ (FOV) est indispensable et recommand\u00e9 par l&rsquo;AFI SFPIO SFCO et la SFORL dans leur rapport de Mai 2019 concernant le <a href=\"https:\/\/www.orlfrance.org\/recommandations-de-bonne-pratique\/\">bilan sinusien pr\u00e9 implantaire<\/a>.<\/p>\n\n\n\n<p>Afin de ne pas consid\u00e9rer cette demande d&rsquo;EXPERTISE ORL comme une contrainte suppl\u00e9mentaire \u00e0 un projet d\u00e9j\u00e0 assez long, <a href=\"http:\/\/www.concedo.fr\/?pk_campaign=blog2019&amp;pk_source=implantologie-orl.fr&amp;pk_medium=blog\">Concedo<\/a> s&rsquo;engage \u00e0 vous r\u00e9pondre rapidement.<\/p>\n\n\n\n<p><\/p>\n","protected":false},"excerpt":{"rendered":"<p>I. ORTHOPANTOMOGRAMME OPT Il s&rsquo;agit d&rsquo;un examen indiqu\u00e9 dans l&rsquo;\u00e9valuation GLOBALE de L&rsquo;ETAT BUCCO DENTAIRE L&rsquo;OPT n&rsquo;est pas suffisant pour \u00e9valuer la qualit\u00e9 et l&rsquo;\u00e9paisseur de l&rsquo;os Tadinata A et al L&rsquo;OPT n&rsquo;est pas suffisant pour d\u00e9tecter une pathologie naso-sinusienne, seul un examen Cone Beam ou Scanner permet le bilan sinusien ORL pr\u00e9 implantaire. II. Cone Beam Computed Tomography CBCT A la fin du XX\u00e8me si\u00e8cle, le Cone Beam a permis une diffusion large \u00e0 un co\u00fbt abordable de l&rsquo;imagerie&#8230;<\/p>\n<p class=\"read-more\"><a class=\"btn btn-default\" href=\"https:\/\/www.concedo.fr\/implantologie-orl\/quel-type-dimagerie-pre-implantaire\/\">Lire la suite<span class=\"screen-reader-text\"> Lire la suite<\/span><\/a><\/p>\n","protected":false},"author":1,"featured_media":0,"parent":0,"menu_order":0,"comment_status":"closed","ping_status":"closed","template":"","meta":[],"_links":{"self":[{"href":"https:\/\/www.concedo.fr\/implantologie-orl\/wp-json\/wp\/v2\/pages\/189"}],"collection":[{"href":"https:\/\/www.concedo.fr\/implantologie-orl\/wp-json\/wp\/v2\/pages"}],"about":[{"href":"https:\/\/www.concedo.fr\/implantologie-orl\/wp-json\/wp\/v2\/types\/page"}],"author":[{"embeddable":true,"href":"https:\/\/www.concedo.fr\/implantologie-orl\/wp-json\/wp\/v2\/users\/1"}],"replies":[{"embeddable":true,"href":"https:\/\/www.concedo.fr\/implantologie-orl\/wp-json\/wp\/v2\/comments?post=189"}],"version-history":[{"count":12,"href":"https:\/\/www.concedo.fr\/implantologie-orl\/wp-json\/wp\/v2\/pages\/189\/revisions"}],"predecessor-version":[{"id":363,"href":"https:\/\/www.concedo.fr\/implantologie-orl\/wp-json\/wp\/v2\/pages\/189\/revisions\/363"}],"wp:attachment":[{"href":"https:\/\/www.concedo.fr\/implantologie-orl\/wp-json\/wp\/v2\/media?parent=189"}],"curies":[{"name":"wp","href":"https:\/\/api.w.org\/{rel}","templated":true}]}}