{"id":168,"date":"2019-12-07T23:06:37","date_gmt":"2019-12-07T22:06:37","guid":{"rendered":"https:\/\/www.implantologie-orl.fr\/?page_id=168"},"modified":"2020-05-10T14:44:32","modified_gmt":"2020-05-10T12:44:32","slug":"la-question-des-opacites-et-epaississements-du-sinus-maxillaire","status":"publish","type":"page","link":"https:\/\/www.concedo.fr\/implantologie-orl\/la-question-des-opacites-et-epaississements-du-sinus-maxillaire\/","title":{"rendered":"La question des opacit\u00e9s et \u00e9paississements du sinus maxillaire"},"content":{"rendered":"\n<blockquote class=\"wp-block-quote\"><p>La diffusion du Cone Beam a consid\u00e9rablement am\u00e9lior\u00e9 la sensibilit\u00e9 radiologique dans la d\u00e9couverte fortuite des opacit\u00e9s du sinus maxillaire.  <\/p><\/blockquote>\n\n\n\n<p>Les opacit\u00e9s et \u00e9paississements de la muqueuse du sinus maxillaire sont TRES FREQUENT(E)S jusqu&rsquo;\u00e0 66% des sujets <a href=\"https:\/\/www.orlfrance.org\/recommandations-de-bonne-pratique\/\">selon certaines \u00e9tudes<\/a>.<\/p>\n\n\n\n<div class=\"wp-block-image\"><figure class=\"aligncenter size-large is-resized\"><img decoding=\"async\" loading=\"lazy\" src=\"https:\/\/www.implantologie-orl.fr\/wp-content\/uploads\/2019\/12\/Capture-d\u2019e\u0301cran-2019-12-07-a\u0300-22.14.34.png\" alt=\"\" class=\"wp-image-172\" width=\"449\" height=\"283\" srcset=\"https:\/\/www.concedo.fr\/implantologie-orl\/wp-content\/uploads\/2019\/12\/Capture-d\u2019e\u0301cran-2019-12-07-a\u0300-22.14.34.png 422w, https:\/\/www.concedo.fr\/implantologie-orl\/wp-content\/uploads\/2019\/12\/Capture-d\u2019e\u0301cran-2019-12-07-a\u0300-22.14.34-300x189.png 300w\" sizes=\"(max-width: 449px) 100vw, 449px\" \/><figcaption>Epaississement en cadre des sinus maxillaires<\/figcaption><\/figure><\/div>\n\n\n\n<div class=\"wp-block-image\"><figure class=\"aligncenter size-large is-resized\"><img decoding=\"async\" loading=\"lazy\" src=\"https:\/\/www.implantologie-orl.fr\/wp-content\/uploads\/2019\/12\/Capture-d\u2019e\u0301cran-2019-12-07-a\u0300-22.14.49.png\" alt=\"\" class=\"wp-image-173\" width=\"420\" height=\"407\" srcset=\"https:\/\/www.concedo.fr\/implantologie-orl\/wp-content\/uploads\/2019\/12\/Capture-d\u2019e\u0301cran-2019-12-07-a\u0300-22.14.49.png 400w, https:\/\/www.concedo.fr\/implantologie-orl\/wp-content\/uploads\/2019\/12\/Capture-d\u2019e\u0301cran-2019-12-07-a\u0300-22.14.49-300x291.png 300w, https:\/\/www.concedo.fr\/implantologie-orl\/wp-content\/uploads\/2019\/12\/Capture-d\u2019e\u0301cran-2019-12-07-a\u0300-22.14.49-278x270.png 278w\" sizes=\"(max-width: 420px) 100vw, 420px\" \/><figcaption>Opacit\u00e9 de type kyste sous muqueux \u00ab\u00a0en couche de soleil\u00a0\u00bb du sinus maxillaire droit<\/figcaption><\/figure><\/div>\n\n\n\n<p><a href=\"https:\/\/www.orlfrance.org\/recommandations-de-bonne-pratique\/\">Aucune \u00e9tude ne permet d&rsquo;analyser la corr\u00e9lation entre ces anomalies radiologiques et une \u00e9ventuelle rhinosinusite sous jacente<\/a>.<\/p>\n\n\n\n<p>L&rsquo;interrogatoire du patient n&rsquo;est pas toujours informatif et la difficult\u00e9 pour l&rsquo;implantologue est de diff\u00e9rencier une opacit\u00e9 non pathologique d&rsquo;une autre pathologique. <\/p>\n\n\n\n<p>Par exemple, <strong>pr\u00e8s d&rsquo;1\/3 des aspergillomes sont d\u00e9couverts de mani\u00e8re totalement fortuite.<\/strong><\/p>\n\n\n\n<p>L&rsquo;expertise de l&rsquo;ORL permettra de r\u00e9pondre \u00e0 ces interrogations notamment via une solution rapide et simple comme <a href=\"http:\/\/www.concedo.fr\/?pk_campaign=blog2019&amp;pk_source=implantologie-orl.fr&amp;pk_medium=blog\">Concedo<\/a>.<\/p>\n\n\n\n<div class=\"wp-block-image\"><figure class=\"aligncenter size-large is-resized\"><a href=\"https:\/\/www.concedo.fr\"><img decoding=\"async\" loading=\"lazy\" src=\"https:\/\/www.implantologie-orl.fr\/wp-content\/uploads\/2019\/12\/Capture-d\u2019e\u0301cran-2019-12-06-a\u0300-22.12.27-6.png\" alt=\"\" class=\"wp-image-174\" width=\"329\" height=\"108\"\/><\/a><\/figure><\/div>\n\n\n\n<p>Certaines opacit\u00e9s s&rsquo;int\u00e8grent dans un contexte pathologique, c&rsquo;est le cas de cet aspergillome ci dessous : <\/p>\n\n\n\n<figure class=\"wp-block-image size-large\"><img decoding=\"async\" loading=\"lazy\" width=\"840\" height=\"830\" src=\"https:\/\/www.implantologie-orl.fr\/wp-content\/uploads\/2019\/12\/Capture-d\u2019e\u0301cran-2019-12-07-a\u0300-15.50.02-2.png\" alt=\"\" class=\"wp-image-175\" srcset=\"https:\/\/www.concedo.fr\/implantologie-orl\/wp-content\/uploads\/2019\/12\/Capture-d\u2019e\u0301cran-2019-12-07-a\u0300-15.50.02-2.png 840w, https:\/\/www.concedo.fr\/implantologie-orl\/wp-content\/uploads\/2019\/12\/Capture-d\u2019e\u0301cran-2019-12-07-a\u0300-15.50.02-2-300x296.png 300w, https:\/\/www.concedo.fr\/implantologie-orl\/wp-content\/uploads\/2019\/12\/Capture-d\u2019e\u0301cran-2019-12-07-a\u0300-15.50.02-2-768x759.png 768w, https:\/\/www.concedo.fr\/implantologie-orl\/wp-content\/uploads\/2019\/12\/Capture-d\u2019e\u0301cran-2019-12-07-a\u0300-15.50.02-2-273x270.png 273w\" sizes=\"(max-width: 840px) 100vw, 840px\" \/><figcaption>Aspergillome du sinus maxillaire gauche<\/figcaption><\/figure>\n\n\n\n<p>D&rsquo;autres opacit\u00e9s sont beaucoup plus difficiles \u00e0 interpr\u00e9ter comme ci dessous : <\/p>\n\n\n\n<div class=\"wp-block-image\"><figure class=\"aligncenter size-large is-resized\"><img decoding=\"async\" loading=\"lazy\" src=\"https:\/\/www.implantologie-orl.fr\/wp-content\/uploads\/2019\/12\/Capture-d\u2019e\u0301cran-2019-12-07-a\u0300-22.37.52.png\" alt=\"\" class=\"wp-image-176\" width=\"445\" height=\"440\" srcset=\"https:\/\/www.concedo.fr\/implantologie-orl\/wp-content\/uploads\/2019\/12\/Capture-d\u2019e\u0301cran-2019-12-07-a\u0300-22.37.52.png 301w, https:\/\/www.concedo.fr\/implantologie-orl\/wp-content\/uploads\/2019\/12\/Capture-d\u2019e\u0301cran-2019-12-07-a\u0300-22.37.52-273x270.png 273w\" sizes=\"(max-width: 445px) 100vw, 445px\" \/><figcaption>Opacit\u00e9 partielle du sinus maxillaire droit<\/figcaption><\/figure><\/div>\n\n\n\n<p>En effet, il s&rsquo;av\u00e8re que cette image ci dessus \u00e9tait un authentique aspergillome du sinus maxillaire droit contre indiquant totalement la r\u00e9alisation d&rsquo;un projet implantaire sans avoir \u00e9t\u00e9 trait\u00e9 au pr\u00e9alable.<\/p>\n\n\n\n<p>Au total : <\/p>\n\n\n\n<ol><li>L&rsquo;interrogatoire du patient n&rsquo;est pas toujours informatif <\/li><li>Les opacit\u00e9s et \u00e9paississements ne sont pas sp\u00e9cifiques<\/li><\/ol>\n\n\n\n<p>Seul un avis sp\u00e9cialis\u00e9 ORL dans ces situations <strong>FREQUENTES<\/strong> et <strong>COMPLEXES<\/strong> permettra \u00e0 l&rsquo;implantologue d&rsquo;\u00eatre certain de l&rsquo;absence de contre indication ORL. <\/p>\n\n\n\n<p><strong>L&rsquo;expertise ORL <\/strong>pr\u00e9alable au projet implantaire est donc souvent<strong> indispensable.<\/strong><\/p>\n\n\n\n<p>Cette expertise ne doit pas \u00eatre consid\u00e9r\u00e9e comme une contrainte suppl\u00e9mentaire \u00e0 un soin d\u00e9j\u00e0 assez long, c&rsquo;est pourquoi <a href=\"http:\/\/www.concedo.fr\/?pk_campaign=blog2019&amp;pk_source=implantologie-orl.fr&amp;pk_medium=blog\">Concedo<\/a> vous permet d&rsquo;obtenir un avis ORL rapide par t\u00e9l\u00e9-expertise. <\/p>\n\n\n\n<figure class=\"wp-block-image size-large is-resized\"><a href=\"https:\/\/www.concedo.fr\/\"><img decoding=\"async\" loading=\"lazy\" src=\"https:\/\/www.implantologie-orl.fr\/wp-content\/uploads\/2019\/12\/Capture-d\u2019e\u0301cran-2019-12-07-a\u0300-23.03.00-1024x363.png\" alt=\"\" class=\"wp-image-179\" width=\"586\" height=\"207\" srcset=\"https:\/\/www.concedo.fr\/implantologie-orl\/wp-content\/uploads\/2019\/12\/Capture-d\u2019e\u0301cran-2019-12-07-a\u0300-23.03.00-1024x363.png 1024w, https:\/\/www.concedo.fr\/implantologie-orl\/wp-content\/uploads\/2019\/12\/Capture-d\u2019e\u0301cran-2019-12-07-a\u0300-23.03.00-300x106.png 300w, https:\/\/www.concedo.fr\/implantologie-orl\/wp-content\/uploads\/2019\/12\/Capture-d\u2019e\u0301cran-2019-12-07-a\u0300-23.03.00-768x272.png 768w, https:\/\/www.concedo.fr\/implantologie-orl\/wp-content\/uploads\/2019\/12\/Capture-d\u2019e\u0301cran-2019-12-07-a\u0300-23.03.00-604x214.png 604w, https:\/\/www.concedo.fr\/implantologie-orl\/wp-content\/uploads\/2019\/12\/Capture-d\u2019e\u0301cran-2019-12-07-a\u0300-23.03.00.png 1161w\" sizes=\"(max-width: 586px) 100vw, 586px\" \/><\/a><\/figure>\n","protected":false},"excerpt":{"rendered":"<p>La diffusion du Cone Beam a consid\u00e9rablement am\u00e9lior\u00e9 la sensibilit\u00e9 radiologique dans la d\u00e9couverte fortuite des opacit\u00e9s du sinus maxillaire. Les opacit\u00e9s et \u00e9paississements de la muqueuse du sinus maxillaire sont TRES FREQUENT(E)S jusqu&rsquo;\u00e0 66% des sujets selon certaines \u00e9tudes. Aucune \u00e9tude ne permet d&rsquo;analyser la corr\u00e9lation entre ces anomalies radiologiques et une \u00e9ventuelle rhinosinusite sous jacente. L&rsquo;interrogatoire du patient n&rsquo;est pas toujours informatif et la difficult\u00e9 pour l&rsquo;implantologue est de diff\u00e9rencier une opacit\u00e9 non pathologique d&rsquo;une autre pathologique. Par&#8230;<\/p>\n<p class=\"read-more\"><a class=\"btn btn-default\" href=\"https:\/\/www.concedo.fr\/implantologie-orl\/la-question-des-opacites-et-epaississements-du-sinus-maxillaire\/\">Lire la suite<span class=\"screen-reader-text\"> Lire la suite<\/span><\/a><\/p>\n","protected":false},"author":1,"featured_media":0,"parent":0,"menu_order":0,"comment_status":"closed","ping_status":"closed","template":"","meta":[],"_links":{"self":[{"href":"https:\/\/www.concedo.fr\/implantologie-orl\/wp-json\/wp\/v2\/pages\/168"}],"collection":[{"href":"https:\/\/www.concedo.fr\/implantologie-orl\/wp-json\/wp\/v2\/pages"}],"about":[{"href":"https:\/\/www.concedo.fr\/implantologie-orl\/wp-json\/wp\/v2\/types\/page"}],"author":[{"embeddable":true,"href":"https:\/\/www.concedo.fr\/implantologie-orl\/wp-json\/wp\/v2\/users\/1"}],"replies":[{"embeddable":true,"href":"https:\/\/www.concedo.fr\/implantologie-orl\/wp-json\/wp\/v2\/comments?post=168"}],"version-history":[{"count":15,"href":"https:\/\/www.concedo.fr\/implantologie-orl\/wp-json\/wp\/v2\/pages\/168\/revisions"}],"predecessor-version":[{"id":369,"href":"https:\/\/www.concedo.fr\/implantologie-orl\/wp-json\/wp\/v2\/pages\/168\/revisions\/369"}],"wp:attachment":[{"href":"https:\/\/www.concedo.fr\/implantologie-orl\/wp-json\/wp\/v2\/media?parent=168"}],"curies":[{"name":"wp","href":"https:\/\/api.w.org\/{rel}","templated":true}]}}